{"id":241,"date":"2026-03-12T10:20:30","date_gmt":"2026-03-12T09:20:30","guid":{"rendered":"https:\/\/ambiguity.amkl.edu.pl\/?page_id=241"},"modified":"2026-04-14T13:20:14","modified_gmt":"2026-04-14T11:20:14","slug":"partnerzy","status":"publish","type":"page","link":"https:\/\/ambiguity.amkl.edu.pl\/?page_id=241","title":{"rendered":"partnerzy"},"content":{"rendered":"\n<div style=\"height:60px\" aria-hidden=\"true\" class=\"wp-block-spacer\"><\/div>\n\n\n\n<p class=\"has-text-align-center\">organizatorzy<\/p>\n\n\n\n<div class=\"wp-block-group is-layout-grid wp-container-core-group-is-layout-6056aaf6 wp-block-group-is-layout-grid\">\n<figure class=\"wp-block-image size-full\"><img loading=\"lazy\" decoding=\"async\" width=\"1007\" height=\"334\" src=\"https:\/\/ambiguity.amkl.edu.pl\/wp-content\/uploads\/2026\/03\/logotyp.png\" alt=\"\" class=\"wp-image-247\" srcset=\"https:\/\/ambiguity.amkl.edu.pl\/wp-content\/uploads\/2026\/03\/logotyp.png 1007w, https:\/\/ambiguity.amkl.edu.pl\/wp-content\/uploads\/2026\/03\/logotyp-300x100.png 300w, https:\/\/ambiguity.amkl.edu.pl\/wp-content\/uploads\/2026\/03\/logotyp-768x255.png 768w\" sizes=\"auto, (max-width: 1007px) 100vw, 1007px\" \/><\/figure>\n\n\n\n<figure class=\"wp-block-image size-large\"><img loading=\"lazy\" decoding=\"async\" width=\"1024\" height=\"317\" src=\"https:\/\/ambiguity.amkl.edu.pl\/wp-content\/uploads\/2026\/03\/logotyp_AM_wersja-pozioma_PL-1024x317.png\" alt=\"\" class=\"wp-image-248\" srcset=\"https:\/\/ambiguity.amkl.edu.pl\/wp-content\/uploads\/2026\/03\/logotyp_AM_wersja-pozioma_PL-1024x317.png 1024w, https:\/\/ambiguity.amkl.edu.pl\/wp-content\/uploads\/2026\/03\/logotyp_AM_wersja-pozioma_PL-300x93.png 300w, https:\/\/ambiguity.amkl.edu.pl\/wp-content\/uploads\/2026\/03\/logotyp_AM_wersja-pozioma_PL-768x238.png 768w, https:\/\/ambiguity.amkl.edu.pl\/wp-content\/uploads\/2026\/03\/logotyp_AM_wersja-pozioma_PL.png 1355w\" sizes=\"auto, (max-width: 1024px) 100vw, 1024px\" \/><\/figure>\n<\/div>\n\n\n\n<p>Studenckie Forum D\u017awi\u0119ku zosta\u0142o dofinansowane ze \u015brodk\u00f3w Gminy Wroc\u0142aw w ramach programu Fundusz Aktywno\u015bci Studenckiej (FAST), organizowanego przez Wroc\u0142awskie Centrum Akademickie<\/p>\n\n\n\n<figure class=\"wp-block-image aligncenter size-large is-resized\"><img loading=\"lazy\" decoding=\"async\" width=\"1024\" height=\"359\" src=\"https:\/\/ambiguity.amkl.edu.pl\/wp-content\/uploads\/2026\/03\/logo-wca-lifting_Obszar-roboczy-1-kopia-1-1024x359.png\" alt=\"\" class=\"wp-image-259\" style=\"width:368px;height:auto\" srcset=\"https:\/\/ambiguity.amkl.edu.pl\/wp-content\/uploads\/2026\/03\/logo-wca-lifting_Obszar-roboczy-1-kopia-1-1024x359.png 1024w, https:\/\/ambiguity.amkl.edu.pl\/wp-content\/uploads\/2026\/03\/logo-wca-lifting_Obszar-roboczy-1-kopia-1-300x105.png 300w, https:\/\/ambiguity.amkl.edu.pl\/wp-content\/uploads\/2026\/03\/logo-wca-lifting_Obszar-roboczy-1-kopia-1-768x269.png 768w, https:\/\/ambiguity.amkl.edu.pl\/wp-content\/uploads\/2026\/03\/logo-wca-lifting_Obszar-roboczy-1-kopia-1-1536x539.png 1536w, https:\/\/ambiguity.amkl.edu.pl\/wp-content\/uploads\/2026\/03\/logo-wca-lifting_Obszar-roboczy-1-kopia-1-2048x719.png 2048w\" sizes=\"auto, (max-width: 1024px) 100vw, 1024px\" \/><\/figure>\n\n\n\n<div style=\"height:60px\" aria-hidden=\"true\" class=\"wp-block-spacer\"><\/div>\n\n\n\n<p class=\"has-text-align-center\">wsp\u00f3\u0142praca artystyczna<\/p>\n\n\n\n<div class=\"wp-block-group is-layout-grid wp-container-core-group-is-layout-478b6e6b wp-block-group-is-layout-grid\">\n<figure class=\"wp-block-image size-full\" style=\"margin-top:var(--wp--preset--spacing--80);margin-bottom:var(--wp--preset--spacing--80)\"><img loading=\"lazy\" decoding=\"async\" width=\"914\" height=\"278\" src=\"https:\/\/ambiguity.amkl.edu.pl\/wp-content\/uploads\/2026\/03\/Zrzut-ekranu-2026-03-12-o-12.15.39.png\" alt=\"\" class=\"wp-image-251\" srcset=\"https:\/\/ambiguity.amkl.edu.pl\/wp-content\/uploads\/2026\/03\/Zrzut-ekranu-2026-03-12-o-12.15.39.png 914w, https:\/\/ambiguity.amkl.edu.pl\/wp-content\/uploads\/2026\/03\/Zrzut-ekranu-2026-03-12-o-12.15.39-300x91.png 300w, https:\/\/ambiguity.amkl.edu.pl\/wp-content\/uploads\/2026\/03\/Zrzut-ekranu-2026-03-12-o-12.15.39-768x234.png 768w\" sizes=\"auto, (max-width: 914px) 100vw, 914px\" \/><\/figure>\n\n\n\n<figure class=\"wp-block-image size-full wp-container-content-69bc4bdf\" style=\"margin-top:var(--wp--preset--spacing--60);margin-bottom:var(--wp--preset--spacing--60)\"><img loading=\"lazy\" decoding=\"async\" width=\"1024\" height=\"754\" src=\"https:\/\/ambiguity.amkl.edu.pl\/wp-content\/uploads\/2026\/03\/logo_asp-1024x754-1.png\" alt=\"\" class=\"wp-image-249\" srcset=\"https:\/\/ambiguity.amkl.edu.pl\/wp-content\/uploads\/2026\/03\/logo_asp-1024x754-1.png 1024w, https:\/\/ambiguity.amkl.edu.pl\/wp-content\/uploads\/2026\/03\/logo_asp-1024x754-1-300x221.png 300w, https:\/\/ambiguity.amkl.edu.pl\/wp-content\/uploads\/2026\/03\/logo_asp-1024x754-1-768x566.png 768w\" sizes=\"auto, (max-width: 1024px) 100vw, 1024px\" \/><\/figure>\n\n\n\n<figure class=\"wp-block-image size-full\" style=\"margin-top:var(--wp--preset--spacing--80);margin-bottom:var(--wp--preset--spacing--80)\"><img loading=\"lazy\" decoding=\"async\" width=\"938\" height=\"452\" src=\"https:\/\/ambiguity.amkl.edu.pl\/wp-content\/uploads\/2026\/03\/image.png\" alt=\"\" class=\"wp-image-256\" srcset=\"https:\/\/ambiguity.amkl.edu.pl\/wp-content\/uploads\/2026\/03\/image.png 938w, https:\/\/ambiguity.amkl.edu.pl\/wp-content\/uploads\/2026\/03\/image-300x145.png 300w, https:\/\/ambiguity.amkl.edu.pl\/wp-content\/uploads\/2026\/03\/image-768x370.png 768w\" sizes=\"auto, (max-width: 938px) 100vw, 938px\" \/><\/figure>\n\n\n\n<figure class=\"wp-block-image size-thumbnail has-custom-border is-style-default\" style=\"margin-top:2.8rem;margin-right:var(--wp--preset--spacing--60);margin-bottom:2.8rem;margin-left:var(--wp--preset--spacing--60)\"><img loading=\"lazy\" decoding=\"async\" width=\"150\" height=\"150\" src=\"https:\/\/ambiguity.amkl.edu.pl\/wp-content\/uploads\/2026\/03\/F0F-150x150.png\" alt=\"\" class=\"wp-image-252\" style=\"border-top-left-radius:0px;border-top-right-radius:0px;border-bottom-left-radius:0px;border-bottom-right-radius:0px\"\/><\/figure>\n<\/div>\n\n\n\n<div style=\"height:41px\" aria-hidden=\"true\" class=\"wp-block-spacer\"><\/div>\n\n\n\n<p class=\"has-text-align-center\">partnerzy wydarzenia<\/p>\n\n\n\n<div class=\"wp-block-group is-layout-grid wp-container-core-group-is-layout-9e477b14 wp-block-group-is-layout-grid\" style=\"padding-top:0;padding-bottom:0\">\n<figure class=\"wp-block-image size-full wp-container-content-2155ee95\" style=\"margin-top:var(--wp--preset--spacing--80);margin-right:var(--wp--preset--spacing--40);margin-bottom:var(--wp--preset--spacing--80);margin-left:var(--wp--preset--spacing--40)\"><img loading=\"lazy\" decoding=\"async\" width=\"1169\" height=\"1181\" src=\"https:\/\/ambiguity.amkl.edu.pl\/wp-content\/uploads\/2026\/03\/PWM_2016_COLOUR-1.jpg\" alt=\"\" class=\"wp-image-404\" srcset=\"https:\/\/ambiguity.amkl.edu.pl\/wp-content\/uploads\/2026\/03\/PWM_2016_COLOUR-1.jpg 1169w, https:\/\/ambiguity.amkl.edu.pl\/wp-content\/uploads\/2026\/03\/PWM_2016_COLOUR-1-297x300.jpg 297w, https:\/\/ambiguity.amkl.edu.pl\/wp-content\/uploads\/2026\/03\/PWM_2016_COLOUR-1-1014x1024.jpg 1014w, https:\/\/ambiguity.amkl.edu.pl\/wp-content\/uploads\/2026\/03\/PWM_2016_COLOUR-1-768x776.jpg 768w\" sizes=\"auto, (max-width: 1169px) 100vw, 1169px\" \/><\/figure>\n\n\n\n<figure class=\"wp-block-image size-full has-custom-border wp-container-content-6df3295e\" style=\"margin-top:var(--wp--preset--spacing--80);margin-right:0;margin-bottom:var(--wp--preset--spacing--80);margin-left:0\"><img loading=\"lazy\" decoding=\"async\" width=\"831\" height=\"491\" src=\"https:\/\/ambiguity.amkl.edu.pl\/wp-content\/uploads\/2026\/03\/Z_ZKP.jpg\" alt=\"\" class=\"wp-image-405\" style=\"border-style:none;border-width:0px;object-fit:cover\" srcset=\"https:\/\/ambiguity.amkl.edu.pl\/wp-content\/uploads\/2026\/03\/Z_ZKP.jpg 831w, https:\/\/ambiguity.amkl.edu.pl\/wp-content\/uploads\/2026\/03\/Z_ZKP-300x177.jpg 300w, https:\/\/ambiguity.amkl.edu.pl\/wp-content\/uploads\/2026\/03\/Z_ZKP-768x454.jpg 768w\" sizes=\"auto, (max-width: 831px) 100vw, 831px\" \/><figcaption class=\"wp-element-caption\">oddzia\u0142 Wroc\u0142aw<\/figcaption><\/figure>\n\n\n\n<figure class=\"wp-block-image size-full\" style=\"margin-top:var(--wp--preset--spacing--80);margin-right:var(--wp--preset--spacing--40);margin-bottom:var(--wp--preset--spacing--80);margin-left:var(--wp--preset--spacing--40)\"><img loading=\"lazy\" decoding=\"async\" width=\"2170\" height=\"2170\" src=\"https:\/\/ambiguity.amkl.edu.pl\/wp-content\/uploads\/2026\/03\/Logo-KM-ZKP.jpg\" alt=\"\" class=\"wp-image-406\" srcset=\"https:\/\/ambiguity.amkl.edu.pl\/wp-content\/uploads\/2026\/03\/Logo-KM-ZKP.jpg 2170w, https:\/\/ambiguity.amkl.edu.pl\/wp-content\/uploads\/2026\/03\/Logo-KM-ZKP-300x300.jpg 300w, https:\/\/ambiguity.amkl.edu.pl\/wp-content\/uploads\/2026\/03\/Logo-KM-ZKP-1024x1024.jpg 1024w, https:\/\/ambiguity.amkl.edu.pl\/wp-content\/uploads\/2026\/03\/Logo-KM-ZKP-150x150.jpg 150w, https:\/\/ambiguity.amkl.edu.pl\/wp-content\/uploads\/2026\/03\/Logo-KM-ZKP-768x768.jpg 768w, https:\/\/ambiguity.amkl.edu.pl\/wp-content\/uploads\/2026\/03\/Logo-KM-ZKP-1536x1536.jpg 1536w, https:\/\/ambiguity.amkl.edu.pl\/wp-content\/uploads\/2026\/03\/Logo-KM-ZKP-2048x2048.jpg 2048w\" sizes=\"auto, (max-width: 2170px) 100vw, 2170px\" \/><\/figure>\n<\/div>\n\n\n\n<div style=\"height:42px\" aria-hidden=\"true\" class=\"wp-block-spacer\"><\/div>\n\n\n\n<p class=\"has-text-align-center\">wsp\u00f3\u0142praca medialna<\/p>\n\n\n\n<div class=\"wp-block-group is-layout-grid wp-container-core-group-is-layout-988b637e wp-block-group-is-layout-grid\">\n<figure class=\"wp-block-image size-large\" style=\"margin-top:var(--wp--preset--spacing--80);margin-bottom:var(--wp--preset--spacing--80)\"><img loading=\"lazy\" decoding=\"async\" width=\"1024\" height=\"448\" src=\"https:\/\/ambiguity.amkl.edu.pl\/wp-content\/uploads\/2026\/04\/luz_rgb_01_pages-to-jpg-0002-1-1024x448.jpg\" alt=\"\" class=\"wp-image-431\" srcset=\"https:\/\/ambiguity.amkl.edu.pl\/wp-content\/uploads\/2026\/04\/luz_rgb_01_pages-to-jpg-0002-1-1024x448.jpg 1024w, https:\/\/ambiguity.amkl.edu.pl\/wp-content\/uploads\/2026\/04\/luz_rgb_01_pages-to-jpg-0002-1-300x131.jpg 300w, https:\/\/ambiguity.amkl.edu.pl\/wp-content\/uploads\/2026\/04\/luz_rgb_01_pages-to-jpg-0002-1-768x336.jpg 768w, https:\/\/ambiguity.amkl.edu.pl\/wp-content\/uploads\/2026\/04\/luz_rgb_01_pages-to-jpg-0002-1.jpg 1258w\" sizes=\"auto, (max-width: 1024px) 100vw, 1024px\" \/><\/figure>\n\n\n\n<figure class=\"wp-block-image size-large\" style=\"margin-top:var(--wp--preset--spacing--80);margin-right:0;margin-bottom:var(--wp--preset--spacing--80);margin-left:0\"><img loading=\"lazy\" decoding=\"async\" width=\"1024\" height=\"919\" src=\"https:\/\/ambiguity.amkl.edu.pl\/wp-content\/uploads\/2026\/04\/POLMIC_logo_kolor_pozytyw_pe\u253cena-nazwa_pion-1-1024x919.png\" alt=\"\" class=\"wp-image-430\" srcset=\"https:\/\/ambiguity.amkl.edu.pl\/wp-content\/uploads\/2026\/04\/POLMIC_logo_kolor_pozytyw_pe\u253cena-nazwa_pion-1-1024x919.png 1024w, https:\/\/ambiguity.amkl.edu.pl\/wp-content\/uploads\/2026\/04\/POLMIC_logo_kolor_pozytyw_pe\u253cena-nazwa_pion-1-300x269.png 300w, https:\/\/ambiguity.amkl.edu.pl\/wp-content\/uploads\/2026\/04\/POLMIC_logo_kolor_pozytyw_pe\u253cena-nazwa_pion-1-768x689.png 768w, https:\/\/ambiguity.amkl.edu.pl\/wp-content\/uploads\/2026\/04\/POLMIC_logo_kolor_pozytyw_pe\u253cena-nazwa_pion-1.png 1293w\" sizes=\"auto, (max-width: 1024px) 100vw, 1024px\" \/><\/figure>\n\n\n\n<figure class=\"wp-block-image size-large\" style=\"margin-top:var(--wp--preset--spacing--80);margin-bottom:var(--wp--preset--spacing--80)\"><img loading=\"lazy\" decoding=\"async\" width=\"1024\" height=\"366\" src=\"https:\/\/ambiguity.amkl.edu.pl\/wp-content\/uploads\/2026\/04\/Logo-glissando-duze-1024x366.jpg\" alt=\"\" class=\"wp-image-419\" srcset=\"https:\/\/ambiguity.amkl.edu.pl\/wp-content\/uploads\/2026\/04\/Logo-glissando-duze-1024x366.jpg 1024w, https:\/\/ambiguity.amkl.edu.pl\/wp-content\/uploads\/2026\/04\/Logo-glissando-duze-300x107.jpg 300w, https:\/\/ambiguity.amkl.edu.pl\/wp-content\/uploads\/2026\/04\/Logo-glissando-duze-768x275.jpg 768w, https:\/\/ambiguity.amkl.edu.pl\/wp-content\/uploads\/2026\/04\/Logo-glissando-duze.jpg 1509w\" sizes=\"auto, (max-width: 1024px) 100vw, 1024px\" \/><\/figure>\n<\/div>\n\n\n\n<div style=\"height:30px\" aria-hidden=\"true\" class=\"wp-block-spacer\"><\/div>\n","protected":false},"excerpt":{"rendered":"<p>organizatorzy Studenckie Forum D\u017awi\u0119ku zosta\u0142o dofinansowane ze \u015brodk\u00f3w Gminy Wroc\u0142aw w ramach programu Fundusz Aktywno\u015bci Studenckiej (FAST), organizowanego przez Wroc\u0142awskie Centrum Akademickie wsp\u00f3\u0142praca artystyczna partnerzy wydarzenia wsp\u00f3\u0142praca medialna<\/p>\n","protected":false},"author":2,"featured_media":0,"parent":0,"menu_order":0,"comment_status":"closed","ping_status":"closed","template":"","meta":{"footnotes":""},"class_list":["post-241","page","type-page","status-publish","hentry"],"_links":{"self":[{"href":"https:\/\/ambiguity.amkl.edu.pl\/index.php?rest_route=\/wp\/v2\/pages\/241","targetHints":{"allow":["GET"]}}],"collection":[{"href":"https:\/\/ambiguity.amkl.edu.pl\/index.php?rest_route=\/wp\/v2\/pages"}],"about":[{"href":"https:\/\/ambiguity.amkl.edu.pl\/index.php?rest_route=\/wp\/v2\/types\/page"}],"author":[{"embeddable":true,"href":"https:\/\/ambiguity.amkl.edu.pl\/index.php?rest_route=\/wp\/v2\/users\/2"}],"replies":[{"embeddable":true,"href":"https:\/\/ambiguity.amkl.edu.pl\/index.php?rest_route=%2Fwp%2Fv2%2Fcomments&post=241"}],"version-history":[{"count":8,"href":"https:\/\/ambiguity.amkl.edu.pl\/index.php?rest_route=\/wp\/v2\/pages\/241\/revisions"}],"predecessor-version":[{"id":433,"href":"https:\/\/ambiguity.amkl.edu.pl\/index.php?rest_route=\/wp\/v2\/pages\/241\/revisions\/433"}],"wp:attachment":[{"href":"https:\/\/ambiguity.amkl.edu.pl\/index.php?rest_route=%2Fwp%2Fv2%2Fmedia&parent=241"}],"curies":[{"name":"wp","href":"https:\/\/api.w.org\/{rel}","templated":true}]}}