{"id":66,"date":"2025-11-21T12:03:50","date_gmt":"2025-11-21T11:03:50","guid":{"rendered":"https:\/\/ambiguity.amkl.edu.pl\/?page_id=66"},"modified":"2026-04-14T13:23:01","modified_gmt":"2026-04-14T11:23:01","slug":"terminarz","status":"publish","type":"page","link":"https:\/\/ambiguity.amkl.edu.pl\/?page_id=66","title":{"rendered":"terminarz"},"content":{"rendered":"\n<div style=\"height:30px\" aria-hidden=\"true\" class=\"wp-block-spacer\"><\/div>\n\n\n\n<p class=\"has-text-align-center has-max-48-font-size\" style=\"font-style:normal;font-weight:700;line-height:0.7\"><strong>12\u201313 maja<\/strong> <strong>2026 roku<\/strong><\/p>\n\n\n\n<p class=\"has-text-align-center\"><strong>termin XII Studenckiej Konferencji Naukowej <em>Wieloznaczno\u015b\u0107&nbsp;D\u017awi\u0119ku<\/em><\/strong><\/p>\n\n\n\n<div style=\"height:58px\" aria-hidden=\"true\" class=\"wp-block-spacer\"><\/div>\n\n\n\n<figure class=\"wp-block-table is-style-stripes\" style=\"font-size:clamp(14px, 0.875rem + ((1vw - 3.2px) * 0.488), 18px);\"><table class=\"has-fixed-layout\"><tbody><tr><td class=\"has-text-align-right\" data-align=\"right\">zg\u0142oszenia czynne<\/td><td><strong>do 20 kwietnia 2026<\/strong><\/td><\/tr><tr><td class=\"has-text-align-right\" data-align=\"right\">ocena abstrakt\u00f3w<\/td><td><strong>do 22 kwietnia 2026<\/strong><\/td><\/tr><tr><td class=\"has-text-align-right\" data-align=\"right\">przes\u0142anie potwierdzenia przelewu op\u0142aty wpisowej<\/td><td><strong>do 26 kwietnia 2026 roku<\/strong><\/td><\/tr><tr><td class=\"has-text-align-right\" data-align=\"right\">przes\u0142anie prezentacji<\/td><td><strong>do 3 maja 2026 roku<\/strong><\/td><\/tr><tr><td class=\"has-text-align-right\" data-align=\"right\">termin ewentualnej rezygnacji ze zwrotem koszt\u00f3w<\/td><td><strong>do 3 maja 2026 roku<\/strong><\/td><\/tr><\/tbody><\/table><\/figure>\n\n\n\n<div style=\"height:28px\" aria-hidden=\"true\" class=\"wp-block-spacer\"><\/div>\n\n\n\n<hr class=\"wp-block-separator has-alpha-channel-opacity is-style-dots\"\/>\n\n\n\n<div style=\"height:28px\" aria-hidden=\"true\" class=\"wp-block-spacer\"><\/div>\n\n\n\n<figure class=\"wp-block-table is-style-stripes\" style=\"font-size:clamp(14px, 0.875rem + ((1vw - 3.2px) * 0.488), 18px);\"><table class=\"has-fixed-layout\"><tbody><tr><td class=\"has-text-align-right\" data-align=\"right\">zg\u0142oszenia bierne<\/td><td><strong>do 1o maja 2026<\/strong><\/td><\/tr><tr><td class=\"has-text-align-right\" data-align=\"right\">udost\u0119pnienie szczeg\u00f3\u0142\u00f3w transmisji<\/td><td><strong>do 9 maja 2026<\/strong><\/td><\/tr><\/tbody><\/table><\/figure>\n\n\n\n<p><\/p>\n","protected":false},"excerpt":{"rendered":"<p>12\u201313 maja 2026 roku termin XII Studenckiej Konferencji Naukowej Wieloznaczno\u015b\u0107&nbsp;D\u017awi\u0119ku zg\u0142oszenia czynne do 20 kwietnia 2026 ocena abstrakt\u00f3w do 22 kwietnia 2026 przes\u0142anie potwierdzenia przelewu op\u0142aty wpisowej do 26 kwietnia 2026 roku przes\u0142anie prezentacji do 3 maja 2026 roku termin ewentualnej rezygnacji ze zwrotem koszt\u00f3w do 3 maja 2026 roku zg\u0142oszenia bierne do 1o maja [&hellip;]<\/p>\n","protected":false},"author":2,"featured_media":0,"parent":0,"menu_order":0,"comment_status":"closed","ping_status":"closed","template":"","meta":{"footnotes":""},"class_list":["post-66","page","type-page","status-publish","hentry"],"_links":{"self":[{"href":"https:\/\/ambiguity.amkl.edu.pl\/index.php?rest_route=\/wp\/v2\/pages\/66","targetHints":{"allow":["GET"]}}],"collection":[{"href":"https:\/\/ambiguity.amkl.edu.pl\/index.php?rest_route=\/wp\/v2\/pages"}],"about":[{"href":"https:\/\/ambiguity.amkl.edu.pl\/index.php?rest_route=\/wp\/v2\/types\/page"}],"author":[{"embeddable":true,"href":"https:\/\/ambiguity.amkl.edu.pl\/index.php?rest_route=\/wp\/v2\/users\/2"}],"replies":[{"embeddable":true,"href":"https:\/\/ambiguity.amkl.edu.pl\/index.php?rest_route=%2Fwp%2Fv2%2Fcomments&post=66"}],"version-history":[{"count":6,"href":"https:\/\/ambiguity.amkl.edu.pl\/index.php?rest_route=\/wp\/v2\/pages\/66\/revisions"}],"predecessor-version":[{"id":436,"href":"https:\/\/ambiguity.amkl.edu.pl\/index.php?rest_route=\/wp\/v2\/pages\/66\/revisions\/436"}],"wp:attachment":[{"href":"https:\/\/ambiguity.amkl.edu.pl\/index.php?rest_route=%2Fwp%2Fv2%2Fmedia&parent=66"}],"curies":[{"name":"wp","href":"https:\/\/api.w.org\/{rel}","templated":true}]}}