{"id":78,"date":"2025-11-21T12:05:07","date_gmt":"2025-11-21T11:05:07","guid":{"rendered":"https:\/\/ambiguity.amkl.edu.pl\/?page_id=78"},"modified":"2026-03-17T12:51:29","modified_gmt":"2026-03-17T11:51:29","slug":"kontakt","status":"publish","type":"page","link":"https:\/\/ambiguity.amkl.edu.pl\/?page_id=78","title":{"rendered":"kontakt"},"content":{"rendered":"\n<div class=\"wp-block-columns is-layout-flex wp-container-core-columns-is-layout-28f84493 wp-block-columns-is-layout-flex\">\n<div class=\"wp-block-column is-layout-flow wp-block-column-is-layout-flow\">\n<p><strong>Komitet Organizacyjny Konferencji<\/strong><br><a href=\"mailto:ambiguity@amkl.edu.pl\">ambiguity@amkl.edu.pl<\/a><\/p>\n\n\n\n<p><strong>Akademia Muzyczna <br>im. Karola Lipi\u0144skiego we Wroc\u0142awiu<\/strong><\/p>\n\n\n\n<p>pl. Jana Paw\u0142a II nr 2<br>50-043 Wroc\u0142aw<\/p>\n<\/div>\n\n\n\n<div class=\"wp-block-column is-layout-flow wp-block-column-is-layout-flow\">\n<iframe src=\"https:\/\/www.google.com\/maps\/embed?pb=!1m18!1m12!1m3!1d3351.3042810824686!2d17.019682107617353!3d51.11127815717817!2m3!1f0!2f0!3f0!3m2!1i1024!2i768!4f13.1!3m3!1m2!1s0x470fc20a3bf119bd%3A0xfb05e8a5d9274bf4!2sAkademia%20Muzyczna%20im.%20K.%20Lipi%C5%84skiego%20we%20Wroc%C5%82awiu!5e0!3m2!1spl!2spl!4v1769361927792!5m2!1spl!2spl\" width=\"100%\" height=\"100%\" style=\"border:0;\" allowfullscreen=\"\" loading=\"lazy\" referrerpolicy=\"no-referrer-when-downgrade\"><\/iframe>\n<\/div>\n<\/div>\n","protected":false},"excerpt":{"rendered":"<p>Komitet Organizacyjny Konferencjiambiguity@amkl.edu.pl Akademia Muzyczna im. Karola Lipi\u0144skiego we Wroc\u0142awiu pl. Jana Paw\u0142a II nr 250-043 Wroc\u0142aw<\/p>\n","protected":false},"author":2,"featured_media":0,"parent":0,"menu_order":0,"comment_status":"closed","ping_status":"closed","template":"","meta":{"footnotes":""},"class_list":["post-78","page","type-page","status-publish","hentry"],"_links":{"self":[{"href":"https:\/\/ambiguity.amkl.edu.pl\/index.php?rest_route=\/wp\/v2\/pages\/78","targetHints":{"allow":["GET"]}}],"collection":[{"href":"https:\/\/ambiguity.amkl.edu.pl\/index.php?rest_route=\/wp\/v2\/pages"}],"about":[{"href":"https:\/\/ambiguity.amkl.edu.pl\/index.php?rest_route=\/wp\/v2\/types\/page"}],"author":[{"embeddable":true,"href":"https:\/\/ambiguity.amkl.edu.pl\/index.php?rest_route=\/wp\/v2\/users\/2"}],"replies":[{"embeddable":true,"href":"https:\/\/ambiguity.amkl.edu.pl\/index.php?rest_route=%2Fwp%2Fv2%2Fcomments&post=78"}],"version-history":[{"count":9,"href":"https:\/\/ambiguity.amkl.edu.pl\/index.php?rest_route=\/wp\/v2\/pages\/78\/revisions"}],"predecessor-version":[{"id":282,"href":"https:\/\/ambiguity.amkl.edu.pl\/index.php?rest_route=\/wp\/v2\/pages\/78\/revisions\/282"}],"wp:attachment":[{"href":"https:\/\/ambiguity.amkl.edu.pl\/index.php?rest_route=%2Fwp%2Fv2%2Fmedia&parent=78"}],"curies":[{"name":"wp","href":"https:\/\/api.w.org\/{rel}","templated":true}]}}